{"id":11,"date":"2026-05-12T11:37:05","date_gmt":"2026-05-12T04:37:05","guid":{"rendered":"https:\/\/32win.hu.net\/?page_id=11"},"modified":"2026-05-12T11:48:35","modified_gmt":"2026-05-12T04:48:35","slug":"32win","status":"publish","type":"page","link":"https:\/\/32win.hu.net\/","title":{"rendered":"32WIN"},"content":{"rendered":"\t<div class=\"img has-hover x md-x lg-x y md-y lg-y\" id=\"image_1609590792\">\n\t\t\t\t\t\t\t\t<div class=\"img-inner dark\" >\n\t\t\t<img loading=\"lazy\" decoding=\"async\" width=\"1920\" height=\"600\" src=\"https:\/\/32win.hu.net\/wp-content\/uploads\/2026\/05\/banner-32win.jpg\" class=\"attachment-original size-original\" alt=\"banner-32win\" srcset=\"https:\/\/32win.hu.net\/wp-content\/uploads\/2026\/05\/banner-32win.jpg 1920w, https:\/\/32win.hu.net\/wp-content\/uploads\/2026\/05\/banner-32win-300x94.jpg 300w, https:\/\/32win.hu.net\/wp-content\/uploads\/2026\/05\/banner-32win-1024x320.jpg 1024w, https:\/\/32win.hu.net\/wp-content\/uploads\/2026\/05\/banner-32win-768x240.jpg 768w, https:\/\/32win.hu.net\/wp-content\/uploads\/2026\/05\/banner-32win-1536x480.jpg 1536w\" sizes=\"auto, (max-width: 1920px) 100vw, 1920px\" \/>\t\t\t\t\t\t\n\t\t\t\t\t<\/div>\n\t\t\t\t\t\t\t\t\n<style>\n#image_1609590792 {\n  width: 100%;\n}\n<\/style>\n\t<\/div>\n\t\n\t<section class=\"section\" id=\"section_1375743196\">\n\t\t<div class=\"bg section-bg fill bg-fill  bg-loaded\" >\n\n\t\t\t\n\t\t\t\n\t\t\t\n\n\t\t<\/div>\n\n\t\t\n\n\t\t<div class=\"section-content relative\">\n\t\t\t\n<div class=\"row\"  id=\"row-7448950\">\n\n\t<div id=\"col-1485935964\" class=\"col small-12 large-12\"  >\n\t\t\t\t<div class=\"col-inner text-center\"  >\n\t\t\t\n\t\t\t\n<div class=\"container section-title-container sectiontitle text-bla\" ><h1 class=\"section-title section-title-center\"><b><\/b><span class=\"section-title-main\" >32WIN - 32WIN.HU.NET | Trang Ch\u1ee7 \u0110\u0103ng K\u00fd Ch\u00ednh Th\u1ee9c 2026<\/span><b><\/b><\/h1><\/div>\n\t\t<\/div>\n\t\t\t\t\t<\/div>\n\n\t\n<\/div>\n<div class=\"row\"  id=\"row-1226612706\">\n\n\t<div id=\"col-499899772\" class=\"col small-12 large-12\"  >\n\t\t\t\t<div class=\"col-inner\"  >\n\t\t\t\n\t\t\t\n\t<div id=\"text-3419632054\" class=\"text rainbow-glow\">\n\t\t\n<p>Lorem ipsum dolor sit amet, consectetuer adipiscing elit, sed diam nonummy nibh euismod tincidunt ut laoreet dolore magna aliquam erat volutpat.<\/p>\n\t\t\t<\/div>\n\t\n\t\t<\/div>\n\t\t\t\t\t<\/div>\n\n\t\n\n\t<div id=\"col-557465236\" class=\"col small-12 large-12\"  >\n\t\t\t\t<div class=\"col-inner\"  >\n\t\t\t\n\t\t\t\n<div class=\"container section-title-container\" ><h2 class=\"section-title section-title-center\"><b><\/b><span class=\"section-title-main\" >b\u00e0i vi\u1ebft m\u1edbi nh\u1ea5t<\/span><b><\/b><\/h2><\/div>\n\n  \n    <div class=\"row large-columns-3 medium-columns-1 small-columns-1 slider row-slider slider-nav-reveal slider-nav-push\"  data-flickity-options='{\"imagesLoaded\": true, \"groupCells\": \"100%\", \"dragThreshold\" : 5, \"cellAlign\": \"left\",\"wrapAround\": true,\"prevNextButtons\": true,\"percentPosition\": true,\"pageDots\": false, \"rightToLeft\": false, \"autoPlay\" : false}' >\n\n  <\/div>\n\t\t<\/div>\n\t\t\t\t\t<\/div>\n\n\t\n<\/div>\n\t\t<\/div>\n\n\t\t\n<style>\n#section_1375743196 {\n  padding-top: 30px;\n  padding-bottom: 30px;\n}\n<\/style>\n\t<\/section>\n\t\n","protected":false},"excerpt":{"rendered":"","protected":false},"author":1,"featured_media":0,"parent":0,"menu_order":0,"comment_status":"closed","ping_status":"closed","template":"page-blank.php","meta":{"footnotes":""},"class_list":["post-11","page","type-page","status-publish","hentry"],"_links":{"self":[{"href":"https:\/\/32win.hu.net\/index.php?rest_route=\/wp\/v2\/pages\/11","targetHints":{"allow":["GET"]}}],"collection":[{"href":"https:\/\/32win.hu.net\/index.php?rest_route=\/wp\/v2\/pages"}],"about":[{"href":"https:\/\/32win.hu.net\/index.php?rest_route=\/wp\/v2\/types\/page"}],"author":[{"embeddable":true,"href":"https:\/\/32win.hu.net\/index.php?rest_route=\/wp\/v2\/users\/1"}],"replies":[{"embeddable":true,"href":"https:\/\/32win.hu.net\/index.php?rest_route=%2Fwp%2Fv2%2Fcomments&post=11"}],"version-history":[{"count":4,"href":"https:\/\/32win.hu.net\/index.php?rest_route=\/wp\/v2\/pages\/11\/revisions"}],"predecessor-version":[{"id":37,"href":"https:\/\/32win.hu.net\/index.php?rest_route=\/wp\/v2\/pages\/11\/revisions\/37"}],"wp:attachment":[{"href":"https:\/\/32win.hu.net\/index.php?rest_route=%2Fwp%2Fv2%2Fmedia&parent=11"}],"curies":[{"name":"wp","href":"https:\/\/api.w.org\/{rel}","templated":true}]}}